{"id":2117,"date":"2021-08-31T13:12:02","date_gmt":"2021-08-31T11:12:34","guid":{"rendered":"http:\/\/wordpress.p596870.webspaceconfig.de\/ausbildung-zum-fotografen\/"},"modified":"2026-05-12T17:06:30","modified_gmt":"2026-05-12T15:06:30","slug":"training-to-be-a-photographer-2","status":"publish","type":"page","link":"https:\/\/photogenika.de\/en\/jobs-karriere\/ausbildung-zur-fotografin\/","title":{"rendered":"Training as a photographer"},"content":{"rendered":"\t\t<div data-elementor-type=\"wp-post\" data-elementor-id=\"2117\" class=\"elementor elementor-2117\" data-elementor-settings=\"{&quot;ha_cmc_init_switcher&quot;:&quot;no&quot;}\" data-elementor-post-type=\"page\">\n\t\t\t\t\t\t<section class=\"elementor-section elementor-top-section elementor-element elementor-element-85b2cdd elementor-section-content-middle elementor-section-boxed elementor-section-height-default elementor-section-height-default\" data-id=\"85b2cdd\" data-element_type=\"section\" data-e-type=\"section\">\n\t\t\t\t\t\t<div class=\"elementor-container elementor-column-gap-default\">\n\t\t\t\t\t<div class=\"elementor-column elementor-col-50 elementor-top-column elementor-element elementor-element-7a50d52f\" data-id=\"7a50d52f\" data-element_type=\"column\" data-e-type=\"column\">\n\t\t\t<div class=\"elementor-widget-wrap elementor-element-populated\">\n\t\t\t\t\t\t<div class=\"elementor-element elementor-element-62bf7c26 elementor-widget elementor-widget-image\" data-id=\"62bf7c26\" data-element_type=\"widget\" data-e-type=\"widget\" data-settings=\"{&quot;motion_fx_motion_fx_scrolling&quot;:&quot;yes&quot;,&quot;motion_fx_rotateZ_effect&quot;:&quot;yes&quot;,&quot;motion_fx_rotateZ_direction&quot;:&quot;negative&quot;,&quot;motion_fx_rotateZ_speed&quot;:{&quot;unit&quot;:&quot;px&quot;,&quot;size&quot;:&quot;0.5&quot;,&quot;sizes&quot;:[]},&quot;motion_fx_rotateZ_affectedRange&quot;:{&quot;unit&quot;:&quot;%&quot;,&quot;size&quot;:&quot;&quot;,&quot;sizes&quot;:{&quot;start&quot;:&quot;54&quot;,&quot;end&quot;:&quot;98&quot;}},&quot;motion_fx_devices&quot;:[&quot;desktop&quot;,&quot;tablet&quot;,&quot;mobile&quot;]}\" data-widget_type=\"image.default\">\n\t\t\t\t<div class=\"elementor-widget-container\">\n\t\t\t\t\t\t\t\t\t\t\t\t\t\t\t<img fetchpriority=\"high\" decoding=\"async\" width=\"800\" height=\"780\" src=\"https:\/\/photogenika.de\/wp-content\/uploads\/2021\/11\/1-1024x998.png\" class=\"attachment-large size-large wp-image-19924\" alt=\"Grafik Kamera\" srcset=\"https:\/\/photogenika.de\/wp-content\/uploads\/2021\/11\/1-1024x998.png 1024w, https:\/\/photogenika.de\/wp-content\/uploads\/2021\/11\/1-1536x1497.png 1536w, https:\/\/photogenika.de\/wp-content\/uploads\/2021\/11\/1-768x748.png 768w, https:\/\/photogenika.de\/wp-content\/uploads\/2021\/11\/1-300x292.png 300w, https:\/\/photogenika.de\/wp-content\/uploads\/2021\/11\/1.png 1800w\" sizes=\"(max-width: 800px) 100vw, 800px\" \/>\t\t\t\t\t\t\t\t\t\t\t\t\t\t\t<\/div>\n\t\t\t\t<\/div>\n\t\t\t\t\t<\/div>\n\t\t<\/div>\n\t\t\t\t<div class=\"elementor-column elementor-col-50 elementor-top-column elementor-element elementor-element-54ba015d\" data-id=\"54ba015d\" data-element_type=\"column\" data-e-type=\"column\">\n\t\t\t<div class=\"elementor-widget-wrap elementor-element-populated\">\n\t\t\t\t\t\t<div class=\"elementor-element elementor-element-5abb1d15 elementor-widget elementor-widget-heading\" data-id=\"5abb1d15\" data-element_type=\"widget\" data-e-type=\"widget\" data-widget_type=\"heading.default\">\n\t\t\t\t<div class=\"elementor-widget-container\">\n\t\t\t\t\t<h1 class=\"elementor-heading-title elementor-size-default\">Ausbildung zur Fotografin (m\/w\/d)<\/h1>\t\t\t\t<\/div>\n\t\t\t\t<\/div>\n\t\t\t\t<div class=\"elementor-element elementor-element-68468807 elementor-widget elementor-widget-heading\" data-id=\"68468807\" data-element_type=\"widget\" data-e-type=\"widget\" data-widget_type=\"heading.default\">\n\t\t\t\t<div class=\"elementor-widget-container\">\n\t\t\t\t\t<h2 class=\"elementor-heading-title elementor-size-default\">Du sucht eine Ausbildung zur Fotografin oder zum Fotografen (m\/w\/d) ? <br>Dann bist du bei uns richtig!<\/h2>\t\t\t\t<\/div>\n\t\t\t\t<\/div>\n\t\t\t\t\t<\/div>\n\t\t<\/div>\n\t\t\t\t\t<\/div>\n\t\t<\/section>\n\t\t\t\t<section class=\"elementor-section elementor-top-section elementor-element elementor-element-35c528d elementor-section-boxed elementor-section-height-default elementor-section-height-default\" data-id=\"35c528d\" data-element_type=\"section\" data-e-type=\"section\">\n\t\t\t\t\t\t<div class=\"elementor-container elementor-column-gap-default\">\n\t\t\t\t\t<div class=\"elementor-column elementor-col-100 elementor-top-column elementor-element elementor-element-4be8e54b\" data-id=\"4be8e54b\" data-element_type=\"column\" data-e-type=\"column\">\n\t\t\t<div class=\"elementor-widget-wrap elementor-element-populated\">\n\t\t\t\t\t\t<div class=\"elementor-element elementor-element-5e67c0e8 elementor-widget elementor-widget-text-editor\" data-id=\"5e67c0e8\" data-element_type=\"widget\" data-e-type=\"widget\" data-widget_type=\"text-editor.default\">\n\t\t\t\t<div class=\"elementor-widget-container\">\n\t\t\t\t\t\t\t\t\t<p>Zur Verst\u00e4rkung unseres <a href=\"https:\/\/photogenika.de\/team\/\">Fotostudio-Teams<\/a> suchen wir eine Auszubildende zur Fotografin oder einen Auszubildenden zum Fotografen (m\/w\/d) f\u00fcr das kommende Ausbildungsjahr. Wir sind in M\u00fcnchen und Umgebung t\u00e4tig, betreiben zwei Fotostudios und sind in den Bereichen Privat- und Businessfotografie aktiv. Wir sind ein herzliches, engagiertes und aufgeschlossenes Team und sind schon sehr gespannt auf deine kreative Bewerbung.<\/p>\t\t\t\t\t\t\t\t<\/div>\n\t\t\t\t<\/div>\n\t\t\t\t\t<\/div>\n\t\t<\/div>\n\t\t\t\t\t<\/div>\n\t\t<\/section>\n\t\t\t\t<section class=\"elementor-section elementor-top-section elementor-element elementor-element-34815b16 elementor-section-boxed elementor-section-height-default elementor-section-height-default\" data-id=\"34815b16\" data-element_type=\"section\" data-e-type=\"section\">\n\t\t\t\t\t\t<div class=\"elementor-container elementor-column-gap-default\">\n\t\t\t\t\t<div class=\"elementor-column elementor-col-100 elementor-top-column elementor-element elementor-element-30e5f840\" data-id=\"30e5f840\" data-element_type=\"column\" data-e-type=\"column\">\n\t\t\t<div class=\"elementor-widget-wrap elementor-element-populated\">\n\t\t\t\t\t\t<div class=\"elementor-element elementor-element-06d5ee5 elementor-widget elementor-widget-heading\" data-id=\"06d5ee5\" data-element_type=\"widget\" data-e-type=\"widget\" data-widget_type=\"heading.default\">\n\t\t\t\t<div class=\"elementor-widget-container\">\n\t\t\t\t\t<h2 class=\"elementor-heading-title elementor-size-default\">Was dich bei einer Ausbildung erwartet<\/h2>\t\t\t\t<\/div>\n\t\t\t\t<\/div>\n\t\t\t\t<div class=\"elementor-element elementor-element-7d871a0 elementor-widget elementor-widget-text-editor\" data-id=\"7d871a0\" data-element_type=\"widget\" data-e-type=\"widget\" data-widget_type=\"text-editor.default\">\n\t\t\t\t<div class=\"elementor-widget-container\">\n\t\t\t\t\t\t\t\t\t<p>Als Fotografin oder Fotograf zu arbeiten, ist f\u00fcr viele ein Traum. Das visuell Erlebte auf einem Foto festzuhalten und auch optimieren zu k\u00f6nnen, ist Kunst und Handwerk zugleich. Um den Beruf der Fotografin oder des Fotografen zu erlernen und sich mit seiner Erfahrung in die Fotografie einzubringen, bedarf es einer guten und fundierten Ausbildung. Diese bieten wir dir an und freuen uns darauf, dir alle Facetten der Fotografie zu zeigen.<\/p><p>Um dich an die Kunst der Fotografie heranzuf\u00fchren, nehmen wir dich an die Hand. Du lernst unsere Fotostudios in M\u00fcnchen kennen und lernst mit unseren Kunden professionell zusammenzuarbeiten. Wir entwickeln zusammen dein Potenzial, sodass du den Beruf der Fotografin \/ des Fotografen in allen Belangen erlernst.<\/p><p>Der Beruf der Fotografin \/ des Fotografen hat sich \u00fcber die Jahrzehnte sehr stark ver\u00e4ndert und ist in der digitalen Welt angekommen. W\u00e4hrend man damals noch seine Arbeit in der Dunkelkammer verbringen musste und man auf das sichtbare Foto stundenlang warten musste, geht heute alles blitzschnell, digital und die Bearbeitung erfolgt \u00fcber diverse Foto-Bearbeitungsprogramme. Auch diese Arbeiten werden ein Bestandteil deiner Ausbildung sein.<\/p>\t\t\t\t\t\t\t\t<\/div>\n\t\t\t\t<\/div>\n\t\t\t\t<section class=\"elementor-section elementor-inner-section elementor-element elementor-element-7487dfe2 elementor-section-content-middle elementor-reverse-mobile elementor-section-boxed elementor-section-height-default elementor-section-height-default\" data-id=\"7487dfe2\" data-element_type=\"section\" data-e-type=\"section\">\n\t\t\t\t\t\t<div class=\"elementor-container elementor-column-gap-default\">\n\t\t\t\t\t<div class=\"elementor-column elementor-col-50 elementor-inner-column elementor-element elementor-element-4a6481a2\" data-id=\"4a6481a2\" data-element_type=\"column\" data-e-type=\"column\">\n\t\t\t<div class=\"elementor-widget-wrap elementor-element-populated\">\n\t\t\t\t\t\t<div class=\"elementor-element elementor-element-c8ad7de elementor-widget elementor-widget-heading\" data-id=\"c8ad7de\" data-element_type=\"widget\" data-e-type=\"widget\" data-widget_type=\"heading.default\">\n\t\t\t\t<div class=\"elementor-widget-container\">\n\t\t\t\t\t<h3 class=\"elementor-heading-title elementor-size-default\">Kurzinfo:<\/h3>\t\t\t\t<\/div>\n\t\t\t\t<\/div>\n\t\t\t\t<div class=\"elementor-element elementor-element-7b6551b8 elementor-widget elementor-widget-text-editor\" data-id=\"7b6551b8\" data-element_type=\"widget\" data-e-type=\"widget\" data-widget_type=\"text-editor.default\">\n\t\t\t\t<div class=\"elementor-widget-container\">\n\t\t\t\t\t\t\t\t\t<ul><li>Ausbildungsplatz zur Fotografin (m\/w\/d) mit Schwerpunkt Portraitfotografie<\/li><li>Ausbildungszeit: 3 Jahre<\/li><li>Voraussetzungen: bestandener Schulabschluss<\/li><li>Ausbildungsbeginn: 01.09.2027<\/li><li>keine \u00dcberstunden<\/li><\/ul>\t\t\t\t\t\t\t\t<\/div>\n\t\t\t\t<\/div>\n\t\t\t\t<div class=\"elementor-element elementor-element-38b7a55c elementor-widget elementor-widget-heading\" data-id=\"38b7a55c\" data-element_type=\"widget\" data-e-type=\"widget\" data-widget_type=\"heading.default\">\n\t\t\t\t<div class=\"elementor-widget-container\">\n\t\t\t\t\t<h3 class=\"elementor-heading-title elementor-size-default\">T\u00e4tigkeit:\n<\/h3>\t\t\t\t<\/div>\n\t\t\t\t<\/div>\n\t\t\t\t<div class=\"elementor-element elementor-element-35652eda elementor-widget elementor-widget-text-editor\" data-id=\"35652eda\" data-element_type=\"widget\" data-e-type=\"widget\" data-widget_type=\"text-editor.default\">\n\t\t\t\t<div class=\"elementor-widget-container\">\n\t\t\t\t\t\t\t\t\t<ul><li>Assistenz der Fotografinnen bei Fotoshootings<\/li><li>Beratungs- und Verkaufsgespr\u00e4che mit Kunden<\/li><li>Anfertigen von Pass- &amp; Bewerbungsfotos, Portraits, Familienfotos, etc<\/li><li>Ausbildung in einer kreativen und abwechslungsreichen Branche<\/li><li>Arbeiten in einem herzlichen, engagierten und aufgeschlossenen Team<\/li><\/ul>\t\t\t\t\t\t\t\t<\/div>\n\t\t\t\t<\/div>\n\t\t\t\t<div class=\"elementor-element elementor-element-2662cd33 elementor-widget elementor-widget-heading\" data-id=\"2662cd33\" data-element_type=\"widget\" data-e-type=\"widget\" data-widget_type=\"heading.default\">\n\t\t\t\t<div class=\"elementor-widget-container\">\n\t\t\t\t\t<h3 class=\"elementor-heading-title elementor-size-default\">Qualifikation:<\/h3>\t\t\t\t<\/div>\n\t\t\t\t<\/div>\n\t\t\t\t<div class=\"elementor-element elementor-element-60ca017e elementor-widget elementor-widget-text-editor\" data-id=\"60ca017e\" data-element_type=\"widget\" data-e-type=\"widget\" data-widget_type=\"text-editor.default\">\n\t\t\t\t<div class=\"elementor-widget-container\">\n\t\t\t\t\t\t\t\t\t<ul><li>Grundkenntnisse in der Fotografie und Bildbearbeitungssoftware<\/li><li>Leidenschaft f\u00fcr Fotografie und Kreativit\u00e4t<\/li><li>freundliches, teamf\u00e4higes und sicheres Auftreten<\/li><li>Spa\u00df an der Arbeit und am Umgang mit Kunden<\/li><\/ul>\t\t\t\t\t\t\t\t<\/div>\n\t\t\t\t<\/div>\n\t\t\t\t<div class=\"elementor-element elementor-element-77066efb elementor-hidden-mobile elementor-widget elementor-widget-image\" data-id=\"77066efb\" data-element_type=\"widget\" data-e-type=\"widget\" data-settings=\"{&quot;motion_fx_motion_fx_scrolling&quot;:&quot;yes&quot;,&quot;motion_fx_blur_effect&quot;:&quot;yes&quot;,&quot;motion_fx_blur_range&quot;:{&quot;unit&quot;:&quot;%&quot;,&quot;size&quot;:&quot;&quot;,&quot;sizes&quot;:{&quot;start&quot;:&quot;0&quot;,&quot;end&quot;:&quot;36&quot;}},&quot;motion_fx_blur_direction&quot;:&quot;out-in&quot;,&quot;motion_fx_blur_level&quot;:{&quot;unit&quot;:&quot;px&quot;,&quot;size&quot;:7,&quot;sizes&quot;:[]},&quot;motion_fx_devices&quot;:[&quot;desktop&quot;,&quot;tablet&quot;,&quot;mobile&quot;]}\" data-widget_type=\"image.default\">\n\t\t\t\t<div class=\"elementor-widget-container\">\n\t\t\t\t\t\t\t\t\t\t\t\t\t\t\t<img decoding=\"async\" width=\"800\" height=\"605\" src=\"https:\/\/photogenika.de\/wp-content\/uploads\/2021\/11\/20-1024x774.png\" class=\"attachment-large size-large wp-image-19934\" alt=\"Grafik Laptop\" srcset=\"https:\/\/photogenika.de\/wp-content\/uploads\/2021\/11\/20-1024x774.png 1024w, https:\/\/photogenika.de\/wp-content\/uploads\/2021\/11\/20-1536x1161.png 1536w, https:\/\/photogenika.de\/wp-content\/uploads\/2021\/11\/20-768x580.png 768w, https:\/\/photogenika.de\/wp-content\/uploads\/2021\/11\/20-300x227.png 300w, https:\/\/photogenika.de\/wp-content\/uploads\/2021\/11\/20.png 1800w\" sizes=\"(max-width: 800px) 100vw, 800px\" \/>\t\t\t\t\t\t\t\t\t\t\t\t\t\t\t<\/div>\n\t\t\t\t<\/div>\n\t\t\t\t\t<\/div>\n\t\t<\/div>\n\t\t\t\t<div class=\"elementor-column elementor-col-50 elementor-inner-column elementor-element elementor-element-b486779\" data-id=\"b486779\" data-element_type=\"column\" data-e-type=\"column\">\n\t\t\t<div class=\"elementor-widget-wrap elementor-element-populated\">\n\t\t\t\t\t\t<div class=\"elementor-element elementor-element-1ff9f6ec elementor-widget elementor-widget-image\" data-id=\"1ff9f6ec\" data-element_type=\"widget\" data-e-type=\"widget\" data-widget_type=\"image.default\">\n\t\t\t\t<div class=\"elementor-widget-container\">\n\t\t\t\t\t\t\t\t\t\t\t\t\t\t\t<img decoding=\"async\" width=\"731\" height=\"1024\" src=\"https:\/\/photogenika.de\/wp-content\/uploads\/2024\/09\/Gruppenfoto_2nebeneinander_Fragezeichen_TBJ.jpg\" class=\"attachment-full size-full wp-image-34466\" alt=\"Fotostudio m\u00fcnchen, professionelle fotografie in m\u00fcnchen, Fotograf M\u00fcnchen, st\u00e4dtisches Fotografiestudio, kreative Fotoshootings in M\u00fcnchen.\" srcset=\"https:\/\/photogenika.de\/wp-content\/uploads\/2024\/09\/Gruppenfoto_2nebeneinander_Fragezeichen_TBJ.jpg 731w, https:\/\/photogenika.de\/wp-content\/uploads\/2024\/09\/Gruppenfoto_2nebeneinander_Fragezeichen_TBJ-214x300.jpg 214w, https:\/\/photogenika.de\/wp-content\/uploads\/2024\/09\/Gruppenfoto_2nebeneinander_Fragezeichen_TBJ-9x12.jpg 9w\" sizes=\"(max-width: 731px) 100vw, 731px\" \/>\t\t\t\t\t\t\t\t\t\t\t\t\t\t\t<\/div>\n\t\t\t\t<\/div>\n\t\t\t\t\t<\/div>\n\t\t<\/div>\n\t\t\t\t\t<\/div>\n\t\t<\/section>\n\t\t\t\t<section class=\"elementor-section elementor-inner-section elementor-element elementor-element-5e655b34 elementor-section-boxed elementor-section-height-default elementor-section-height-default\" data-id=\"5e655b34\" data-element_type=\"section\" data-e-type=\"section\">\n\t\t\t\t\t\t<div class=\"elementor-container elementor-column-gap-default\">\n\t\t\t\t\t<div class=\"elementor-column elementor-col-50 elementor-inner-column elementor-element elementor-element-59e1d959\" data-id=\"59e1d959\" data-element_type=\"column\" data-e-type=\"column\">\n\t\t\t<div class=\"elementor-widget-wrap elementor-element-populated\">\n\t\t\t\t\t\t<div class=\"elementor-element elementor-element-58cd54b9 elementor-widget elementor-widget-image\" data-id=\"58cd54b9\" data-element_type=\"widget\" data-e-type=\"widget\" data-widget_type=\"image.default\">\n\t\t\t\t<div class=\"elementor-widget-container\">\n\t\t\t\t\t\t\t\t\t\t\t\t\t\t\t<img loading=\"lazy\" decoding=\"async\" width=\"800\" height=\"734\" src=\"https:\/\/photogenika.de\/wp-content\/uploads\/2021\/11\/Get-Started-1024x940.png\" class=\"attachment-large size-large wp-image-19943\" alt=\"Grafik Get Strated\" srcset=\"https:\/\/photogenika.de\/wp-content\/uploads\/2021\/11\/Get-Started-1024x940.png 1024w, https:\/\/photogenika.de\/wp-content\/uploads\/2021\/11\/Get-Started-1536x1410.png 1536w, https:\/\/photogenika.de\/wp-content\/uploads\/2021\/11\/Get-Started-768x705.png 768w, https:\/\/photogenika.de\/wp-content\/uploads\/2021\/11\/Get-Started-300x275.png 300w, https:\/\/photogenika.de\/wp-content\/uploads\/2021\/11\/Get-Started.png 1800w\" sizes=\"(max-width: 800px) 100vw, 800px\" \/>\t\t\t\t\t\t\t\t\t\t\t\t\t\t\t<\/div>\n\t\t\t\t<\/div>\n\t\t\t\t\t<\/div>\n\t\t<\/div>\n\t\t\t\t<div class=\"elementor-column elementor-col-50 elementor-inner-column elementor-element elementor-element-d9e5bf2\" data-id=\"d9e5bf2\" data-element_type=\"column\" data-e-type=\"column\">\n\t\t\t<div class=\"elementor-widget-wrap elementor-element-populated\">\n\t\t\t\t\t\t<div class=\"elementor-element elementor-element-22b6f82e elementor-widget elementor-widget-heading\" data-id=\"22b6f82e\" data-element_type=\"widget\" data-e-type=\"widget\" data-widget_type=\"heading.default\">\n\t\t\t\t<div class=\"elementor-widget-container\">\n\t\t\t\t\t<h3 class=\"elementor-heading-title elementor-size-default\">Hast du Lust bekommen mit uns im Team zu arbeiten?<\/h3>\t\t\t\t<\/div>\n\t\t\t\t<\/div>\n\t\t\t\t<div class=\"elementor-element elementor-element-4f8bad82 elementor-widget elementor-widget-text-editor\" data-id=\"4f8bad82\" data-element_type=\"widget\" data-e-type=\"widget\" data-widget_type=\"text-editor.default\">\n\t\t\t\t<div class=\"elementor-widget-container\">\n\t\t\t\t\t\t\t\t\t<p>Schicke uns deine Bewerbungsunterlagen in Form eines PDF-Dokuments \u00fcber unser Bewerbungsformular.<\/p><p>Die Bewerbung sollte die \u00fcblichen Dokumente wie Anschreiben, Lebenslauf, Zeugnisse und wenn m\u00f6glich Arbeitsproben enthalten. Die Anhanggr\u00f6\u00dfe sollte ca. 10 MB nicht \u00fcberschreiten.<\/p><p>Wir freuen uns darauf dich kennenzulernen!<\/p>\t\t\t\t\t\t\t\t<\/div>\n\t\t\t\t<\/div>\n\t\t\t\t<div class=\"elementor-element elementor-element-3253359d elementor-widget elementor-widget-button\" data-id=\"3253359d\" data-element_type=\"widget\" data-e-type=\"widget\" data-widget_type=\"button.default\">\n\t\t\t\t<div class=\"elementor-widget-container\">\n\t\t\t\t\t\t\t\t\t<div class=\"elementor-button-wrapper\">\n\t\t\t\t\t<a class=\"elementor-button elementor-button-link elementor-size-sm\" href=\"https:\/\/photogenika.de\/jobs-karriere\/#Bewerbungsformular\" target=\"_blank\">\n\t\t\t\t\t\t<span class=\"elementor-button-content-wrapper\">\n\t\t\t\t\t\t\t\t\t<span class=\"elementor-button-text\">Jetzt per Bewerbungsformular bewerben<\/span>\n\t\t\t\t\t<\/span>\n\t\t\t\t\t<\/a>\n\t\t\t\t<\/div>\n\t\t\t\t\t\t\t\t<\/div>\n\t\t\t\t<\/div>\n\t\t\t\t\t<\/div>\n\t\t<\/div>\n\t\t\t\t\t<\/div>\n\t\t<\/section>\n\t\t\t\t<div class=\"elementor-element elementor-element-3d058b90 elementor-widget elementor-widget-spacer\" data-id=\"3d058b90\" data-element_type=\"widget\" data-e-type=\"widget\" data-widget_type=\"spacer.default\">\n\t\t\t\t<div class=\"elementor-widget-container\">\n\t\t\t\t\t\t\t<div class=\"elementor-spacer\">\n\t\t\t<div class=\"elementor-spacer-inner\"><\/div>\n\t\t<\/div>\n\t\t\t\t\t\t<\/div>\n\t\t\t\t<\/div>\n\t\t\t\t\t<\/div>\n\t\t<\/div>\n\t\t\t\t\t<\/div>\n\t\t<\/section>\n\t\t\t\t<section class=\"elementor-section elementor-top-section elementor-element elementor-element-f2f060f elementor-section-stretched elementor-section-boxed elementor-section-height-default elementor-section-height-default\" data-id=\"f2f060f\" data-element_type=\"section\" data-e-type=\"section\" data-settings=\"{&quot;background_background&quot;:&quot;classic&quot;,&quot;stretch_section&quot;:&quot;section-stretched&quot;}\">\n\t\t\t\t\t\t<div class=\"elementor-container elementor-column-gap-default\">\n\t\t\t\t\t<div class=\"elementor-column elementor-col-100 elementor-top-column elementor-element elementor-element-9a283a2\" data-id=\"9a283a2\" data-element_type=\"column\" data-e-type=\"column\">\n\t\t\t<div class=\"elementor-widget-wrap elementor-element-populated\">\n\t\t\t\t\t\t<section class=\"elementor-section elementor-inner-section elementor-element elementor-element-ba2fe9a elementor-section-boxed elementor-section-height-default elementor-section-height-default\" data-id=\"ba2fe9a\" data-element_type=\"section\" data-e-type=\"section\">\n\t\t\t\t\t\t<div class=\"elementor-container elementor-column-gap-default\">\n\t\t\t\t\t<div class=\"elementor-column elementor-col-100 elementor-inner-column elementor-element elementor-element-df452df\" data-id=\"df452df\" data-element_type=\"column\" data-e-type=\"column\">\n\t\t\t<div class=\"elementor-widget-wrap elementor-element-populated\">\n\t\t\t\t\t\t<div class=\"elementor-element elementor-element-5f760c7 elementor-widget elementor-widget-heading\" data-id=\"5f760c7\" data-element_type=\"widget\" data-e-type=\"widget\" data-widget_type=\"heading.default\">\n\t\t\t\t<div class=\"elementor-widget-container\">\n\t\t\t\t\t<h2 class=\"elementor-heading-title elementor-size-default\">Weitere Infos zur Ausbildung bei uns<\/h2>\t\t\t\t<\/div>\n\t\t\t\t<\/div>\n\t\t\t\t<div class=\"elementor-element elementor-element-f70b8b9 elementor-widget elementor-widget-text-editor\" data-id=\"f70b8b9\" data-element_type=\"widget\" data-e-type=\"widget\" data-widget_type=\"text-editor.default\">\n\t\t\t\t<div class=\"elementor-widget-container\">\n\t\t\t\t\t\t\t\t\t<p>Tausend \u00dcbungsfotos, Shootings mit Freunden oder der Familie, stundenlanges retuschieren von Bildern, Schulungen und Berichtsheftaufgaben. Ja, die drei Jahre Ausbildung zum Fotografen sind vollgepackt mit wichtigen Themen. Aber warum eigentlich eine\u00a0<a href=\"https:\/\/alt.photogenika.de\/jobs-karriere\/ausbildung-zum-fotograf\/\" target=\"_blank\" rel=\"noreferrer noopener\" aria-label=\"Ausbildung (\u00f6ffnet in neuem Tab)\">Ausbildung<\/a>? Und warum ist spielt das f\u00fcr uns von Photogenika eine so gro\u00dfe Rolle?<\/p><p>In unseren\u00a0<a href=\"https:\/\/alt.photogenika.de\/standorte\/\" target=\"_blank\" rel=\"noreferrer noopener\" aria-label=\"Fotostudios (\u00f6ffnet in neuem Tab)\">Fotostudios\u00a0<\/a>in M\u00fcnchen werden Kunden fast immer von gelernten <a href=\"https:\/\/alt.photogenika.de\/team\/\" target=\"_blank\" rel=\"noreferrer noopener\" aria-label=\"Fotografinnen (\u00f6ffnet in neuem Tab)\">Fotografinnen\u00a0<\/a>oder unseren Auszubildenden fotografiert. Denn wir von Photogenika legen gro\u00dfen Wert auf eine richtige Ausbildung. Daher musst Du dir auch keine Sorgen machen, dass Du alleine die Kunden ablichten musst, wenn du noch nicht bereit daf\u00fcr bist. Bei uns darf man erst an den Kunden, wenn es nichts mehr zu meckern gibt.<\/p><h2 id=\"ubung-macht-den-meister\" style=\"color: #000000;\">\u00dcbung macht den Meister!<\/h2><p>Wie in jeder Berufsausbildung ist eines ganz wichtig: \u00dcbung!<br \/>Viele, viele Shootings an Freunden, der Familie oder auch den Arbeitskollegen geh\u00f6ren zu der Ausbildung eines Fotografen. Erst dann kann der Kunde professionell bedient, beraten und fotografiert werden. Unsere Auszubildenden bei Photogenika lernen jedoch nicht nur Kameratechnik, Lichtf\u00fchrung und Posing, uns liegt auch der freundliche Kontakt zu unseren Kunden am Herzen.<\/p><h2 id=\"fotograf-auch-ohne-ausbildung\" style=\"color: #000000;\">Fotograf auch ohne Ausbildung?<\/h2><p>Ja, das geht auch. Viele unserer Kollegen, die sich mit der Fotografie selbstst\u00e4ndig gemacht haben, sind nicht den klassischen Weg einer<br \/>Berufsausbildung gegangen. F\u00fcr uns von\u00a0<a href=\"https:\/\/alt.photogenika.de\/\" target=\"_blank\" rel=\"noreferrer noopener\" aria-label=\"Photogenika (\u00f6ffnet in neuem Tab)\">Photogenika\u00a0<\/a>ist eine gute Berufsausbildung jedoch eine Herzenssache.<br \/>Man besch\u00e4ftigt sich drei Jahre lang intensiv mit verschiedensten Themen in der Fotografie. Das fotografieren von Blendenreihe, experimentieren mit der Belichtungszeit, ausprobieren von Lichtformern im Studio und so vieles mehr kann man nicht von heute auf Morgen lernen.<\/p><h2 id=\"in-guten-handen\" style=\"color: #000000;\">In guten H\u00e4nden\u00a0<\/h2><p>Auszubildende von Photogenika k\u00f6nnen sich auf eine professionelle Berufsausbildung zur Fotografin (m\/w\/d) in M\u00fcnchen freuen.<br \/>Wir sind alle vom Fach und wissen ganz genau, wie wir Dich weiterbringen k\u00f6nnen. Wir freuen uns auf dich!<\/p><p>Dein Photogenika Team!<\/p>\t\t\t\t\t\t\t\t<\/div>\n\t\t\t\t<\/div>\n\t\t\t\t\t<\/div>\n\t\t<\/div>\n\t\t\t\t\t<\/div>\n\t\t<\/section>\n\t\t\t\t\t<\/div>\n\t\t<\/div>\n\t\t\t\t\t<\/div>\n\t\t<\/section>\n\t\t\t\t<\/div>\n\t\t","protected":false},"excerpt":{"rendered":"<p>Ausbildung zur Fotografin (m\/w\/d) Du sucht eine Ausbildung zur Fotografin oder zum Fotografen (m\/w\/d) ? Dann bist du bei uns richtig! Zur Verst\u00e4rkung unseres Fotostudio-Teams suchen wir eine Auszubildende zur Fotografin oder einen Auszubildenden zum Fotografen (m\/w\/d) f\u00fcr das kommende Ausbildungsjahr. Wir sind in M\u00fcnchen und Umgebung t\u00e4tig, betreiben zwei Fotostudios und sind in den [&hellip;]<\/p>\n","protected":false},"author":1,"featured_media":19943,"parent":2211,"menu_order":1,"comment_status":"closed","ping_status":"closed","template":"elementor_header_footer","meta":{"footnotes":""},"categories":[],"tags":[],"class_list":["post-2117","page","type-page","status-publish","has-post-thumbnail","hentry"],"_links":{"self":[{"href":"https:\/\/photogenika.de\/en\/wp-json\/wp\/v2\/pages\/2117","targetHints":{"allow":["GET"]}}],"collection":[{"href":"https:\/\/photogenika.de\/en\/wp-json\/wp\/v2\/pages"}],"about":[{"href":"https:\/\/photogenika.de\/en\/wp-json\/wp\/v2\/types\/page"}],"author":[{"embeddable":true,"href":"https:\/\/photogenika.de\/en\/wp-json\/wp\/v2\/users\/1"}],"replies":[{"embeddable":true,"href":"https:\/\/photogenika.de\/en\/wp-json\/wp\/v2\/comments?post=2117"}],"version-history":[{"count":4,"href":"https:\/\/photogenika.de\/en\/wp-json\/wp\/v2\/pages\/2117\/revisions"}],"predecessor-version":[{"id":38154,"href":"https:\/\/photogenika.de\/en\/wp-json\/wp\/v2\/pages\/2117\/revisions\/38154"}],"up":[{"embeddable":true,"href":"https:\/\/photogenika.de\/en\/wp-json\/wp\/v2\/pages\/2211"}],"wp:featuredmedia":[{"embeddable":true,"href":"https:\/\/photogenika.de\/en\/wp-json\/wp\/v2\/media\/19943"}],"wp:attachment":[{"href":"https:\/\/photogenika.de\/en\/wp-json\/wp\/v2\/media?parent=2117"}],"wp:term":[{"taxonomy":"category","embeddable":true,"href":"https:\/\/photogenika.de\/en\/wp-json\/wp\/v2\/categories?post=2117"},{"taxonomy":"post_tag","embeddable":true,"href":"https:\/\/photogenika.de\/en\/wp-json\/wp\/v2\/tags?post=2117"}],"curies":[{"name":"wp","href":"https:\/\/api.w.org\/{rel}","templated":true}]}}