{"id":1977,"date":"2021-08-31T13:11:02","date_gmt":"2021-08-31T11:11:59","guid":{"rendered":"http:\/\/wordpress.p596870.webspaceconfig.de\/widerrufsbelehrung\/"},"modified":"2022-07-27T11:41:13","modified_gmt":"2022-07-27T09:41:13","slug":"right-of-withdrawal","status":"publish","type":"page","link":"https:\/\/photogenika.de\/en\/widerrufsbelehrung\/","title":{"rendered":"Right of withdrawal"},"content":{"rendered":"\t\t<div data-elementor-type=\"wp-post\" data-elementor-id=\"1977\" class=\"elementor elementor-1977\" data-elementor-settings=\"{&quot;ha_cmc_init_switcher&quot;:&quot;no&quot;}\" data-elementor-post-type=\"page\">\n\t\t\t\t\t\t<section class=\"elementor-section elementor-top-section elementor-element elementor-element-1709330b elementor-section-boxed elementor-section-height-default elementor-section-height-default\" data-id=\"1709330b\" data-element_type=\"section\" data-e-type=\"section\">\n\t\t\t\t\t\t<div class=\"elementor-container elementor-column-gap-default\">\n\t\t\t\t\t<div class=\"elementor-column elementor-col-100 elementor-top-column elementor-element elementor-element-39c0ed80\" data-id=\"39c0ed80\" data-element_type=\"column\" data-e-type=\"column\">\n\t\t\t<div class=\"elementor-widget-wrap elementor-element-populated\">\n\t\t\t\t\t\t<div class=\"elementor-element elementor-element-5081e490 elementor-widget elementor-widget-text-editor\" data-id=\"5081e490\" data-element_type=\"widget\" data-e-type=\"widget\" data-widget_type=\"text-editor.default\">\n\t\t\t\t<div class=\"elementor-widget-container\">\n\t\t\t\t\t\t\t\t\t<h1>Widerrufsbelehrung<\/h1><h2>Verbraucher haben das folgende Widerrufsrecht<\/h2><p>Sie haben das Recht, binnen vierzehn Tagen ohne Angabe von Gr\u00fcnden diesen Vertrag zu widerrufen. Die Widerrufsfrist betr\u00e4gt vierzehn Tage ab dem Tag des Vertragsabschlusses.<\/p><p>Um Ihr Widerrufsrecht auszu\u00fcben, m\u00fcssen Sie uns (Photogenika GmbH, Fotostudio im Westend, Guldeinstra\u00dfe 28, 80339 M\u00fcnchen, 08924408908, info@fotostudio-im-westend.de) mittels einer eindeutigen Erkl\u00e4rung (z. B. ein mit der Post versandter Brief, Telefax oder E-Mail) \u00fcber Ihren Entschluss, diesen Vertrag zu widerrufen, informieren. Sie k\u00f6nnen daf\u00fcr das beigef\u00fcgte Muster-Widerrufsformular verwenden, das jedoch nicht vorgeschrieben ist.<\/p><p>Zur Wahrung der Widerrufsfrist reicht es aus, dass Sie die Mitteilung \u00fcber die Aus\u00fcbung des Widerrufsrechts vor Ablauf der Widerrufsfrist absenden.<\/p><h2>Folgen des Widerrufs<\/h2><p>Wenn Sie diesen Vertrag widerrufen, haben wir Ihnen alle Zahlungen, die wir von Ihnen erhalten haben, einschlie\u00dflich der Lieferkosten (mit Ausnahme der zus\u00e4tzlichen Kosten, die sich daraus ergeben, dass Sie eine andere Art der Lieferung als die von uns angebotene, g\u00fcnstigste Standardlieferung gew\u00e4hlt haben), unverz\u00fcglich und sp\u00e4testens binnen vierzehn Tagen ab dem Tag zur\u00fcckzuzahlen, an dem die Mitteilung \u00fcber Ihren Widerruf dieses Vertrags bei uns eingegangen ist. F\u00fcr diese R\u00fcckzahlung verwenden wir dasselbe Zahlungsmittel, das Sie bei der urspr\u00fcnglichen Transaktion eingesetzt haben, es sei denn, mit Ihnen wurde ausdr\u00fccklich etwas anderes vereinbart; in keinem Fall werden Ihnen wegen dieser R\u00fcckzahlung Entgelte berechnet.<\/p><p>Wir k\u00f6nnen die R\u00fcckzahlung verweigern, bis wir die Waren wieder zur\u00fcckerhalten haben oder bis Sie den Nachweis erbracht haben, dass Sie die Waren zur\u00fcckgesandt haben, je nachdem, welches der fr\u00fchere Zeitpunkt ist.<\/p><p>Sie haben die Waren unverz\u00fcglich und in jedem Fall sp\u00e4testens binnen vierzehn Tagen ab dem Tag, an dem Sie uns \u00fcber den Widerruf dieses Vertrags unterrichten, an uns zur\u00fcckzusenden oder zu \u00fcbergeben. Die Frist ist gewahrt, wenn Sie die Waren vor Ablauf der Frist von vierzehn Tagen absenden.<\/p><p>Sie tragen die unmittelbaren Kosten der R\u00fccksendung der Waren.<\/p><p>Haben Sie verlangt, dass die Dienstleistungen w\u00e4hrend der Widerrufsfrist beginnen soll, so haben Sie uns einen angemessenen Betrag zu zahlen, der dem Anteil der bis zu dem Zeitpunkt, zu dem Sie uns von der Aus\u00fcbung des Widerrufsrechts hinsichtlich dieses Vertrags unterrichten, bereits erbrachten Dienstleistungen im Vergleich zum Gesamtumfang der im Vertrag vorgesehenen Dienstleistungen entspricht.<\/p><h2>Muster-Widerrufsformular<\/h2><p>(Wenn Sie den Vertrag widerrufen wollen, dann f\u00fcllen Sie bitte dieses Formular aus und senden Sie es zur\u00fcck.)<br \/>\u2013<br \/>An [hier ist der Name, die Anschrift und gegebenenfalls die Telefaxnummer und E-Mail-Adresse des<br \/>Unternehmers durch den Unternehmer einzuf\u00fcgen]:<br \/>\u2013<br \/>Hiermit widerrufe(n) ich\/wir (*) den von mir\/uns (*) abgeschlossenen Vertrag \u00fcber den Kauf der folgenden Waren<br \/>(*)\/die Erbringung der folgenden Dienstleistung (*)<br \/>\u2013<br \/>Bestellt am (*)\/erhalten am (*)<br \/>\u2013<br \/>Name des\/der Verbraucher(s)<br \/>\u2013<br \/>Anschrift des\/der Verbraucher(s)<br \/>\u2013<br \/>Unterschrift des\/der Verbraucher(s) (nur bei Mitteilung auf Papier)<br \/>\u2013<br \/>Datum<br \/>(*) Unzutreffendes streichen.<\/p><h2>Wichtige Hinweise:<\/h2><p>Soweit der Vertrag auf die Erbringung von Dienstleistungen gerichtet ist, gelten folgende Besonderheiten:<\/p><p>Soweit wir mit der Erbringung der Dienstleistung auf Ihren ausdr\u00fccklichen Wunsch vor Ablauf der Widerrufsfrist beginnen, erlischt Ihr Widerrufsrecht, wenn die Leistung vollst\u00e4ndig erbracht ist. F\u00fcr bis zum Widerruf erbrachte Teilleistungen haben wir einen Anspruch auf deren Verg\u00fctung. Mit der Annahme dieser AGB erkl\u00e4ren Sie Ihre Kenntnis von dem Verlust Ihres Widerrufsrechts unter den genannten Voraussetzungen.<\/p><p>Soweit der Vertrag auf Lieferung von digitalen Inhalten, die sich nicht auf einem k\u00f6rperlichen Datentr\u00e4ger befinden, gerichtet ist, erlischt Ihr Widerrufsrecht, wenn Sie mit der Erf\u00fcllung des Vertrages vor Ablauf der Widerrufsfrist ausdr\u00fccklich einverstanden sind. Mit der Annahme dieser AGB erkl\u00e4ren Sie Ihre Kenntnis von dem Verlust Ihres Widerrufsrechts unter dieser Voraussetzung.<\/p><p>Das Widerrufsrecht besteht nicht, wenn Sie in Aus\u00fcbung Ihrer gewerblichen oder selbst\u00e4ndigen beruflichen T\u00e4tigkeit gehandelt haben.<\/p><p>Das Widerrufsrecht besteht nicht, wenn Inhalt des Vertrages die Lieferung von Waren ist, die nach Ihrer Spezifikation angefertigt werden und die eindeutig auf Ihre pers\u00f6nlichen Bed\u00fcrfnisse zugeschnitten sind, wie z.B. digital nachbearbeitete Bilddaten oder Bilder auf Fotopapier.<\/p>\t\t\t\t\t\t\t\t<\/div>\n\t\t\t\t<\/div>\n\t\t\t\t\t<\/div>\n\t\t<\/div>\n\t\t\t\t\t<\/div>\n\t\t<\/section>\n\t\t\t\t<\/div>\n\t\t","protected":false},"excerpt":{"rendered":"<p>Widerrufsbelehrung Verbraucher haben das folgende Widerrufsrecht Sie haben das Recht, binnen vierzehn Tagen ohne Angabe von Gr\u00fcnden diesen Vertrag zu widerrufen. Die Widerrufsfrist betr\u00e4gt vierzehn Tage ab dem Tag des Vertragsabschlusses. Um Ihr Widerrufsrecht auszu\u00fcben, m\u00fcssen Sie uns (Photogenika GmbH, Fotostudio im Westend, Guldeinstra\u00dfe 28, 80339 M\u00fcnchen, 08924408908, info@fotostudio-im-westend.de) mittels einer eindeutigen Erkl\u00e4rung (z. B. [&hellip;]<\/p>\n","protected":false},"author":1,"featured_media":18887,"parent":0,"menu_order":39,"comment_status":"closed","ping_status":"closed","template":"elementor_header_footer","meta":{"footnotes":""},"categories":[],"tags":[],"class_list":["post-1977","page","type-page","status-publish","has-post-thumbnail","hentry"],"_links":{"self":[{"href":"https:\/\/photogenika.de\/en\/wp-json\/wp\/v2\/pages\/1977","targetHints":{"allow":["GET"]}}],"collection":[{"href":"https:\/\/photogenika.de\/en\/wp-json\/wp\/v2\/pages"}],"about":[{"href":"https:\/\/photogenika.de\/en\/wp-json\/wp\/v2\/types\/page"}],"author":[{"embeddable":true,"href":"https:\/\/photogenika.de\/en\/wp-json\/wp\/v2\/users\/1"}],"replies":[{"embeddable":true,"href":"https:\/\/photogenika.de\/en\/wp-json\/wp\/v2\/comments?post=1977"}],"version-history":[{"count":0,"href":"https:\/\/photogenika.de\/en\/wp-json\/wp\/v2\/pages\/1977\/revisions"}],"wp:featuredmedia":[{"embeddable":true,"href":"https:\/\/photogenika.de\/en\/wp-json\/wp\/v2\/media\/18887"}],"wp:attachment":[{"href":"https:\/\/photogenika.de\/en\/wp-json\/wp\/v2\/media?parent=1977"}],"wp:term":[{"taxonomy":"category","embeddable":true,"href":"https:\/\/photogenika.de\/en\/wp-json\/wp\/v2\/categories?post=1977"},{"taxonomy":"post_tag","embeddable":true,"href":"https:\/\/photogenika.de\/en\/wp-json\/wp\/v2\/tags?post=1977"}],"curies":[{"name":"wp","href":"https:\/\/api.w.org\/{rel}","templated":true}]}}